{"id":22,"date":"2023-10-21T09:09:03","date_gmt":"2023-10-21T12:09:03","guid":{"rendered":"https:\/\/inessimon.praxis.pro.br\/?page_id=22"},"modified":"2023-10-23T20:55:43","modified_gmt":"2023-10-23T23:55:43","slug":"curriculo","status":"publish","type":"page","link":"https:\/\/inessimon.praxis.pro.br\/?page_id=22","title":{"rendered":"Qualifica\u00e7\u00e3o"},"content":{"rendered":"<p>Nascida em Vila Velha\/ES, \u00e9 moradora do Ibes.<\/p>\n<p>Graduada em Jornalismo pela UFES, Mestre em Gest\u00e3o de Seguran\u00e7a P\u00fablica pelo Programa de P\u00f3s Gradua\u00e7\u00e3o em Hist\u00f3ria\/PPGHIS-UFES, especialista em Gest\u00e3o de Seguran\u00e7a P\u00fablica pela SENASP\/MJ\/UFES, especialista em Doc\u00eancia no Ensino Superior pela FAESA e especialista em Marketing pela UVV. <a href=\"https:\/\/inessimon.praxis.pro.br\/?page_id=47\">\u00c9 ativista militante e hist\u00f3rica apoiadora dos movimentos sociais<\/a>.<\/p>\n<p>Integrante do Partido dos Trabalhadores \u2013 PT, \u00e9 atualmente a Secret\u00e1ria Institucional do PT de Vila Velha. Integrou a Executiva Estadual do PT-ES, em v\u00e1rios per\u00edodos, desde a juventude; fundou e coordenou o setorial estadual de Seguran\u00e7a P\u00fablica do PT-ES e fundou e integrou o setorial nacional de Seguran\u00e7a P\u00fablica do PT nacional por duas gest\u00f5es.<\/p>\n<p>Trabalhou como assessora de imprensa em diversos sindicatos de trabalhadores, pequenas empresas, \u00f3rg\u00e3os p\u00fablicos, mandatos de parlamentares e partido pol\u00edtico. (Sindiferrovi\u00e1rios, Sindieletricit\u00e1rios, Sindicato de Madeira e Lenha, Sinticel, Emcapa, CMVV, PMV, etc). Professora de Hist\u00f3ria da Comunica\u00e7\u00e3o na Faesa, de Gest\u00e3o de Pessoas e Gest\u00e3o da Qualidade Total Centro de Forma\u00e7\u00e3o e Aperfei\u00e7oamento de Oficiais (CFO) e de Sargentos (CFA) da Pol\u00edcia Militar do ES.<\/p>\n<p>Consultora na \u00e1rea de Seguran\u00e7a P\u00fablica para o Minist\u00e9rio da Justi\u00e7a implantando os Gabinetes de Gest\u00e3o Integrada Municipais e Estadual (GGIM\u2019s e GGIE) no ES e Pronasci (programa de preven\u00e7\u00e3o \u00e0 viol\u00eancia juvenil); fundadora do F\u00f3rum Capixaba de Seguran\u00e7a P\u00fablica; fundadora do Setorial de Seguran\u00e7a P\u00fablica do PT nacional e do ES; membro da equipe de Programa de Governo &#8211; Seguran\u00e7a P\u00fablica dos governos Lula e Dilma; foi assessora t\u00e9cnica da secretaria de Seguran\u00e7a Urbana e da secretaria de Direitos Humanos da PMV; contribuiu com a organiza\u00e7\u00e3o nacional da Confer\u00eancia Nacional de Seguran\u00e7a P\u00fablica do governo Lula e no ES; assessora volunt\u00e1ria da I Confer\u00eancia Municipal da Juventude de Vila Velha e da cria\u00e7\u00e3o do Conselho Municipal de Juventude de Vila Velha; assessorou a cria\u00e7\u00e3o da Certificadora de Produtos org\u00e2nicos capixabas Ch\u00e3o Vivo; assessorou a Associa\u00e7\u00e3o de Programas em Tecnologias Alternativas &#8211; APTA (agricultura familiar, org\u00e2nica, dentre outros).<\/p>\n<p><img loading=\"lazy\" decoding=\"async\" class=\"alignnone size-full wp-image-5\" src=\"https:\/\/inessimon.praxis.pro.br\/wp-content\/uploads\/2023\/10\/foto.jpg\" alt=\"\" width=\"336\" height=\"429\" srcset=\"https:\/\/inessimon.praxis.pro.br\/wp-content\/uploads\/2023\/10\/foto.jpg 336w, https:\/\/inessimon.praxis.pro.br\/wp-content\/uploads\/2023\/10\/foto-235x300.jpg 235w\" sizes=\"auto, (max-width: 336px) 100vw, 336px\" \/><\/p>\n<p>#InesSimon<\/p>\n","protected":false},"excerpt":{"rendered":"<p>Nascida em Vila Velha\/ES, \u00e9 moradora do Ibes. Graduada em Jornalismo pela UFES, Mestre em Gest\u00e3o de Seguran\u00e7a P\u00fablica pelo Programa de P\u00f3s Gradua\u00e7\u00e3o em Hist\u00f3ria\/PPGHIS-UFES, especialista em Gest\u00e3o de Seguran\u00e7a P\u00fablica pela SENASP\/MJ\/UFES, especialista em Doc\u00eancia no Ensino Superior pela FAESA e especialista em Marketing pela UVV. \u00c9 ativista militante e hist\u00f3rica apoiadora dos <a class=\"more-link\" href=\"https:\/\/inessimon.praxis.pro.br\/?page_id=22\">Leia mais&#8230; &raquo;<\/a><\/p>\n","protected":false},"author":1,"featured_media":0,"parent":0,"menu_order":0,"comment_status":"closed","ping_status":"closed","template":"","meta":{"footnotes":""},"class_list":["post-22","page","type-page","status-publish","hentry"],"_links":{"self":[{"href":"https:\/\/inessimon.praxis.pro.br\/index.php?rest_route=\/wp\/v2\/pages\/22","targetHints":{"allow":["GET"]}}],"collection":[{"href":"https:\/\/inessimon.praxis.pro.br\/index.php?rest_route=\/wp\/v2\/pages"}],"about":[{"href":"https:\/\/inessimon.praxis.pro.br\/index.php?rest_route=\/wp\/v2\/types\/page"}],"author":[{"embeddable":true,"href":"https:\/\/inessimon.praxis.pro.br\/index.php?rest_route=\/wp\/v2\/users\/1"}],"replies":[{"embeddable":true,"href":"https:\/\/inessimon.praxis.pro.br\/index.php?rest_route=%2Fwp%2Fv2%2Fcomments&post=22"}],"version-history":[{"count":10,"href":"https:\/\/inessimon.praxis.pro.br\/index.php?rest_route=\/wp\/v2\/pages\/22\/revisions"}],"predecessor-version":[{"id":63,"href":"https:\/\/inessimon.praxis.pro.br\/index.php?rest_route=\/wp\/v2\/pages\/22\/revisions\/63"}],"wp:attachment":[{"href":"https:\/\/inessimon.praxis.pro.br\/index.php?rest_route=%2Fwp%2Fv2%2Fmedia&parent=22"}],"curies":[{"name":"wp","href":"https:\/\/api.w.org\/{rel}","templated":true}]}}