{"id":47,"date":"2023-10-21T22:08:29","date_gmt":"2023-10-22T01:08:29","guid":{"rendered":"https:\/\/inessimon.praxis.pro.br\/?page_id=47"},"modified":"2023-10-23T20:56:43","modified_gmt":"2023-10-23T23:56:43","slug":"eixos-de-atuacao","status":"publish","type":"page","link":"https:\/\/inessimon.praxis.pro.br\/?page_id=47","title":{"rendered":"Eixos de Atua\u00e7\u00e3o"},"content":{"rendered":"<p>\u00c9 ativista militante e hist\u00f3rica apoiadora dos movimentos sociais:<\/p>\n<ul>\n<li>Feminista (antissistemas: patriarcalista, capitalista, racista, lgbtqf\u00f3bico),<\/li>\n<li>Estudantil, pela Educa\u00e7\u00e3o p\u00fablica universal de qualidade,<\/li>\n<li>pela defesa e fortalecimento do SUS,<\/li>\n<li>Sem Terra, Moradia, Movimento Popular,<\/li>\n<li>Agricultura Familiar, Alimenta\u00e7\u00e3o Saud\u00e1vel, Agroecologia, Agricultura Org\u00e2nica,<\/li>\n<li>Micro empresas,<\/li>\n<li>Direitos Humanos, Movimento Antirracista, Movimento LGBT,\u00a0etnias exclu\u00eddas (povos ind\u00edgenas, ciganos, pomeranos),<\/li>\n<li>Seguran\u00e7a Cidad\u00e3,<\/li>\n<li>defesa da Cultura Local,<\/li>\n<li>Prote\u00e7\u00e3o Ambiental, Prote\u00e7\u00e3o Animal,<\/li>\n<li>Transporte e Mobilidade Urbana,<\/li>\n<li>Defesa da Democracia,<\/li>\n<li>Democratiza\u00e7\u00e3o da Comunica\u00e7\u00e3o,<\/li>\n<li>Sindical.<\/li>\n<\/ul>\n<p><img loading=\"lazy\" decoding=\"async\" class=\"alignnone size-full wp-image-48\" src=\"https:\/\/inessimon.praxis.pro.br\/wp-content\/uploads\/2023\/10\/13119986_819395341527607_7060673825769431112_o.jpg\" alt=\"\" width=\"1990\" height=\"1327\" srcset=\"https:\/\/inessimon.praxis.pro.br\/wp-content\/uploads\/2023\/10\/13119986_819395341527607_7060673825769431112_o.jpg 1990w, https:\/\/inessimon.praxis.pro.br\/wp-content\/uploads\/2023\/10\/13119986_819395341527607_7060673825769431112_o-300x200.jpg 300w, https:\/\/inessimon.praxis.pro.br\/wp-content\/uploads\/2023\/10\/13119986_819395341527607_7060673825769431112_o-1024x683.jpg 1024w, https:\/\/inessimon.praxis.pro.br\/wp-content\/uploads\/2023\/10\/13119986_819395341527607_7060673825769431112_o-768x512.jpg 768w, https:\/\/inessimon.praxis.pro.br\/wp-content\/uploads\/2023\/10\/13119986_819395341527607_7060673825769431112_o-1536x1024.jpg 1536w\" sizes=\"auto, (max-width: 1990px) 100vw, 1990px\" \/><\/p>\n<p>#InesSimon<\/p>\n","protected":false},"excerpt":{"rendered":"<p>\u00c9 ativista militante e hist\u00f3rica apoiadora dos movimentos sociais: Feminista (antissistemas: patriarcalista, capitalista, racista, lgbtqf\u00f3bico), Estudantil, pela Educa\u00e7\u00e3o p\u00fablica universal de qualidade, pela defesa e fortalecimento do SUS, Sem Terra, Moradia, Movimento Popular, Agricultura Familiar, Alimenta\u00e7\u00e3o Saud\u00e1vel, Agroecologia, Agricultura Org\u00e2nica, Micro empresas, Direitos Humanos, Movimento Antirracista, Movimento LGBT,\u00a0etnias exclu\u00eddas (povos ind\u00edgenas, ciganos, pomeranos), Seguran\u00e7a Cidad\u00e3, <a class=\"more-link\" href=\"https:\/\/inessimon.praxis.pro.br\/?page_id=47\">Leia mais&#8230; &raquo;<\/a><\/p>\n","protected":false},"author":1,"featured_media":0,"parent":0,"menu_order":0,"comment_status":"closed","ping_status":"closed","template":"","meta":{"footnotes":""},"class_list":["post-47","page","type-page","status-publish","hentry"],"_links":{"self":[{"href":"https:\/\/inessimon.praxis.pro.br\/index.php?rest_route=\/wp\/v2\/pages\/47","targetHints":{"allow":["GET"]}}],"collection":[{"href":"https:\/\/inessimon.praxis.pro.br\/index.php?rest_route=\/wp\/v2\/pages"}],"about":[{"href":"https:\/\/inessimon.praxis.pro.br\/index.php?rest_route=\/wp\/v2\/types\/page"}],"author":[{"embeddable":true,"href":"https:\/\/inessimon.praxis.pro.br\/index.php?rest_route=\/wp\/v2\/users\/1"}],"replies":[{"embeddable":true,"href":"https:\/\/inessimon.praxis.pro.br\/index.php?rest_route=%2Fwp%2Fv2%2Fcomments&post=47"}],"version-history":[{"count":2,"href":"https:\/\/inessimon.praxis.pro.br\/index.php?rest_route=\/wp\/v2\/pages\/47\/revisions"}],"predecessor-version":[{"id":66,"href":"https:\/\/inessimon.praxis.pro.br\/index.php?rest_route=\/wp\/v2\/pages\/47\/revisions\/66"}],"wp:attachment":[{"href":"https:\/\/inessimon.praxis.pro.br\/index.php?rest_route=%2Fwp%2Fv2%2Fmedia&parent=47"}],"curies":[{"name":"wp","href":"https:\/\/api.w.org\/{rel}","templated":true}]}}